{"id":3567,"date":"2024-12-16T22:29:47","date_gmt":"2024-12-16T21:29:47","guid":{"rendered":"https:\/\/rerec.eu\/?page_id=3567"},"modified":"2025-07-26T11:49:05","modified_gmt":"2025-07-26T10:49:05","slug":"toc","status":"publish","type":"page","link":"https:\/\/rerec.eu\/da\/toc\/","title":{"rendered":"AGB"},"content":{"rendered":"<div class=\"fusion-fullwidth fullwidth-box fusion-builder-row-1 fusion-flex-container has-pattern-background has-mask-background nonhundred-percent-fullwidth non-hundred-percent-height-scrolling plain-text\" style=\"--awb-border-radius-top-left:0px;--awb-border-radius-top-right:0px;--awb-border-radius-bottom-right:0px;--awb-border-radius-bottom-left:0px;--awb-flex-wrap:wrap;\" ><div class=\"fusion-builder-row fusion-row fusion-flex-align-items-flex-start fusion-flex-content-wrap\" style=\"max-width:1591.2px;margin-left: calc(-4% \/ 2 );margin-right: calc(-4% \/ 2 );\"><div class=\"fusion-layout-column fusion_builder_column fusion-builder-column-0 fusion_builder_column_1_1 1_1 fusion-flex-column\" style=\"--awb-bg-size:cover;--awb-width-large:100%;--awb-margin-top-large:0px;--awb-spacing-right-large:1.92%;--awb-margin-bottom-large:20px;--awb-spacing-left-large:1.92%;--awb-width-medium:100%;--awb-order-medium:0;--awb-spacing-right-medium:1.92%;--awb-spacing-left-medium:1.92%;--awb-width-small:100%;--awb-order-small:0;--awb-spacing-right-small:1.92%;--awb-spacing-left-small:1.92%;\"><div class=\"fusion-column-wrapper fusion-column-has-shadow fusion-flex-justify-content-flex-start fusion-content-layout-column\"><div class=\"fusion-text fusion-text-1\"><h1>Generelle forretningsbetingelser (AGB) for ReRec GmbH<\/h1>\n<p> L\u00e6s venligst disse betingelser omhyggeligt og fuldt ud, f\u00f8r du benytter en tjeneste fra ReRec GmbH. <\/p>\n<h2>Oversigt over AGB<\/h2>\n<ol>\n<li>Anvendelsesomr\u00e5de<\/li>\n<li>Kontraktens genstand &#8211; Kontraktens indg\u00e5else<\/li>\n<li>Brugsbetingelser for en juridisk gyldig kontrakt<\/li>\n<li>Fastl\u00e6ggelse af k\u00f8bsprisen<\/li>\n<li>Udbetaling<\/li>\n<li>Hvidvaskningsloven<\/li>\n<li>Fortrydelsesret<\/li>\n<li>Ansvar<\/li>\n<li>Ejendomsret<\/li>\n<li>Kontraktssprog og kontraktsbetingelser<\/li>\n<li>Salvatorisk klausul &#8211; Bestemmelser i henhold til BGB \u00a7 306<\/li>\n<\/ol>\n<h3>\u00a7 1 Anvendelsesomr\u00e5de<\/h3>\n<p> Disse generelle forretningsbetingelser (AGB) regulerer alle handelstransaktioner samt kontraktforholdene mellem ReRec GmbH (herefter &#8220;k\u00f8ber&#8221;) og dig (herefter &#8220;s\u00e6lger&#8221;) i den version, der er gyldig p\u00e5 tidspunktet for kontraktens indg\u00e5else. S\u00e6lgeren anerkender og accepterer disse AGB ved at afgive en ordre eller ved at benytte vores tjenester. Medmindre andet er aftalt, g\u00e6lder udelukkende disse AGB; afvigende generelle forretningsbetingelser fra s\u00e6lgeren afvises hermed udtrykkeligt. <\/p>\n<h3>\u00a7 2 Kontraktens genstand &#8211; Kontraktens indg\u00e5else<\/h3>\n<p> I tilf\u00e6lde af kontraktens indg\u00e5else indg\u00e5s kontrakten med <strong>ReRec GmbH<\/strong> Leinestra\u00dfe 39 24539 Neum\u00fcnster Telefon: +49 04321 2067906 eller +49 04321 9655786 E-mail: info@rerec.eu. K\u00f8beren tilbyder f\u00f8lgende tjenester: K\u00f8b af elektronikskrot, \u00e6delmetaller, h\u00e5rdmetal, HSS, metaller, kabler og specialmetaller, datamediedestruktion, affaldskoncepter &#038; r\u00e5dgivning, genbrug &#038; genanvendelse (herefter &#8220;k\u00f8bsvarer&#8221;). K\u00f8beren beslutter f\u00f8rst efter inspektion og analyse af k\u00f8bsvarerne, om han vil give et kontrakttilbud til s\u00e6lgeren eller acceptere et tilbud fra s\u00e6lgeren. De aktuelle k\u00f8bspriser udg\u00f8r ikke et juridisk bindende tilbud. S\u00e6lgeren kan se priserne for de respektive k\u00f8bsvarer online eller p\u00e5 stedet. Ved pr\u00e6sentation af k\u00f8bspriserne opfordres s\u00e6lgeren blot til at frems\u00e6tte et tilbud. S\u00e6lgeren er fri til at tilbyde k\u00f8bsvarerne personligt til k\u00f8beren p\u00e5 stedet eller sende dem med post p\u00e5 egen regning. Hvis begge kontraktparter er enige om tilbud og accept, indg\u00e5s en kontrakt. Med den juridiske overdragelse af k\u00f8bsvarerne til k\u00f8beren udbetales den fastlagte k\u00f8bspris (se \u00a7 4 og \u00a7 5). Bestemte betalingsmetoder kan i enkelte tilf\u00e6lde udelukkes af k\u00f8beren. <\/p>\n<h3>\u00a7 3 Brugsbetingelser for en juridisk gyldig kontrakt<\/h3>\n<p> S\u00e6lgeren bekr\u00e6fter bindende, at han: <\/p>\n<ul>\n<li>har fyldt 18 \u00e5r,<\/li>\n<li>er fuldt ud erhvervsm\u00e6ssigt kompetent,<\/li>\n<li>har ubegr\u00e6nset og lovlig ejendomsret til k\u00f8bsvarerne og at disse ikke stammer fra strafbare handlinger, og at der ikke foreligger tredjeparts rettigheder.<\/li>\n<\/ul>\n<h3>\u00a7 4 Fastl\u00e6ggelse af k\u00f8bsprisen<\/h3>\n<p> Fastl\u00e6ggelsen af k\u00f8bsprisen foretages af k\u00f8beren, s\u00e5 snart denne er i besiddelse af k\u00f8bsvarerne. Kun da er en v\u00e6rdibestemmelse af k\u00f8bsvarerne mulig gennem testmetoder og analyseprocedurer. V\u00e6rdien bestemmes af faktorer som antal, v\u00e6gt, renhedsgrad, eventuelle sorterings- og\/eller nedbrydningsprocesser samt de aktuelle k\u00f8bspriser for k\u00f8bsvarerne. K\u00f8beren har ingen indflydelse p\u00e5 den aktuelle k\u00f8bspris; denne justeres dagligt af handelen p\u00e5 London Metal Exchange (LME). S\u00e6lgeren tillader k\u00f8beren en eventuel beskadigelse eller \u00f8del\u00e6ggelse af k\u00f8bsvarerne gennem specifikke analyseprocedurer til vurdering og v\u00e6rdibestemmelse. Dette giver ikke s\u00e6lgeren ret til at indg\u00e5 en kontrakt eller kr\u00e6ve erstatning. Hvis s\u00e6lgeren ikke er tilfreds med fastl\u00e6ggelsen af k\u00f8bsprisen, og der ikke indg\u00e5s en kontrakt, kan han tage k\u00f8bsvarerne med sig igen p\u00e5 stedet, eller k\u00f8beren sender dem tilbage til s\u00e6lgeren og opkr\u00e6ver forsendelsesomkostningerne fra s\u00e6lgeren. S\u00e6lgeren kan ogs\u00e5 afhente k\u00f8bsvarerne p\u00e5 stedet, hvis dette er aftalt og godkendt af k\u00f8beren. <\/p>\n<h3>\u00a7 5 Udbetaling<\/h3>\n<p> S\u00e6lgere, der afleverer deres k\u00f8bsvarer p\u00e5 stedet, modtager k\u00f8bsprisen enten kontant eller ved overf\u00f8rsel til den konto, de har angivet. S\u00e6lgere, der sender deres k\u00f8bsvarer med post, modtager k\u00f8bsprisen inden for 3 arbejdsdage efter modtagelse af k\u00f8bsvarerne p\u00e5 den konto, de har angivet, eller via betalingstjenesten PayPal. Arbejdsdage er mandag til fredag; weekender og helligdage t\u00e6ller ikke med. Der kan ikke sendes kontanter. Hvis s\u00e6lgeren v\u00e6lger PayPal som betalingsmetode, vil de p\u00e5l\u00f8bne betalingsgebyrer for denne transaktion blive modregnet i k\u00f8bsprisen, hvilket reducerer udbetalingsbel\u00f8bet med 2%. PayPal-betalingsgebyrerne kan ikke p\u00e5virkes af k\u00f8beren. <\/p>\n<h3>\u00a7 6 Hvidvaskningsloven<\/h3>\n<p> P\u00e5 grund af hvidvaskningsloven (lov om opsporing af gevinster fra alvorlige forbrydelser) er k\u00f8beren juridisk forpligtet til at dokumentere s\u00e6lgerens identitet. S\u00e6lgere, der afleverer deres k\u00f8bsvarer p\u00e5 stedet, skal fremvise deres id-kort. K\u00f8beren forbeholder sig retten til at kr\u00e6ve en ejendomsbevis fra s\u00e6lgeren. S\u00e6lgere, der sender k\u00f8bsvarerne med post, beviser deres identitet ved at angive deres bankoplysninger til overf\u00f8rsel af k\u00f8bsprisen. <\/p>\n<h3>\u00a7 7 Fortrydelsesret<\/h3>\n<p> S\u00e6lgeren har ingen fortrydelsesret efter kontraktens indg\u00e5else. Dette skyldes blandt andet, at k\u00f8bspriserne i nogle tilf\u00e6lde er underlagt store svingninger, eller at k\u00f8bsvarerne allerede er blevet genbrugt eller genanvendt efter erhvervelsen af ejendomsretten. For at sikre k\u00f8bsvarernes oms\u00e6ttelighed og hele handelstrafikken har s\u00e6lgeren ingen fortrydelsesret. <\/p>\n<h3>\u00a7 8 Ansvar<\/h3>\n<p> K\u00f8beren p\u00e5tager sig intet ansvar for indholdet eller forsendelsestransporten samt skader, der opst\u00e5r som f\u00f8lge af k\u00f8bsvarer, der ikke er tilstr\u00e6kkeligt sikret til transport af s\u00e6lgeren. K\u00f8beren er kun ansvarlig for skader p\u00e5 liv, legeme eller helbred, hvis de skyldes en fors\u00e6tlig eller uagtsom pligtfors\u00f8mmelse fra k\u00f8berens side eller en lovlig repr\u00e6sentant eller hj\u00e6lper til k\u00f8beren. For andre skader, forudsat at de ikke skyldes overtr\u00e6delse af kardinalpligter, er k\u00f8beren kun ansvarlig, hvis de skyldes en fors\u00e6tlig eller groft uagtsom pligtfors\u00f8mmelse fra k\u00f8berens side eller en lovlig repr\u00e6sentant eller hj\u00e6lper til k\u00f8beren. <\/p>\n<h3>\u00a7 9 Ejendomsret<\/h3>\n<p> Ejendomsretten til k\u00f8bsvarerne overg\u00e5r til k\u00f8beren ved betaling af k\u00f8bsprisen. <\/p>\n<h3>\u00a7 10 Kontraktssprog og kontraktsbetingelser<\/h3>\n<p> Kontraktssproget er udelukkende tysk, og loven i Forbundsrepublikken Tyskland g\u00e6lder. Anvendelsen af FN-k\u00f8beloven er udelukket. Jurisdiktion for k\u00f8bm\u00e6nd og opfyldelsessted er hjemstedet for ReRec GmbH. I tilf\u00e6lde af \u00e5benlyse svigagtige handlinger fra s\u00e6lgerens side forbeholder k\u00f8beren sig ret til at tage retslige skridt. Oplysninger om databeskyttelse findes i den separate databeskyttelseserkl\u00e6ring. <\/p>\n<h3>\u00a7 11 Salvatorisk klausul &#8211; Bestemmelser i henhold til BGB \u00a7 306<\/h3>\n<p> Hvis enkelte bestemmelser i disse AGB eller dele heraf er eller bliver helt eller delvist ugyldige, p\u00e5virker dette ikke gyldigheden af de resterende AGB. Disse regler er juridisk forankret i borgerloven (BGB) \u00a7 306 stk. 1 til 3. Hvis en s\u00e5dan situation opst\u00e5r, skal bestemmelsen efter form\u00e5l og hensigt erstattes af en anden juridisk tilladt bestemmelse, der svarer til form\u00e5l og hensigt med den ugyldige bestemmelse.<\/p>\n<\/div><\/div><\/div><\/div><\/div>\n","protected":false},"excerpt":{"rendered":"","protected":false},"author":1,"featured_media":0,"parent":0,"menu_order":0,"comment_status":"closed","ping_status":"closed","template":"100-width.php","meta":{"footnotes":""},"class_list":["post-3567","page","type-page","status-publish","hentry"],"yoast_head":"<!-- This site is optimized with the Yoast SEO plugin v26.8 - https:\/\/yoast.com\/product\/yoast-seo-wordpress\/ -->\n<title>AGB &#8211; ReRec GmbH<\/title>\n<meta name=\"robots\" content=\"index, follow, max-snippet:-1, max-image-preview:large, max-video-preview:-1\" \/>\n<link rel=\"canonical\" href=\"https:\/\/rerec.eu\/da\/toc\/\" \/>\n<meta property=\"og:locale\" content=\"da_DK\" \/>\n<meta property=\"og:type\" content=\"article\" \/>\n<meta property=\"og:title\" content=\"AGB &#8211; ReRec GmbH\" \/>\n<meta property=\"og:url\" content=\"https:\/\/rerec.eu\/da\/toc\/\" \/>\n<meta property=\"og:site_name\" content=\"ReRec GmbH\" \/>\n<meta property=\"article:publisher\" content=\"https:\/\/www.facebook.com\/profile.php?id=100063562990196#\" \/>\n<meta property=\"article:modified_time\" content=\"2025-07-26T10:49:05+00:00\" \/>\n<meta property=\"og:image\" content=\"https:\/\/rerec.eu\/wp-content\/uploads\/2025\/01\/rerec-leiterplatten-ankauf.jpg\" \/>\n\t<meta property=\"og:image:width\" content=\"1920\" \/>\n\t<meta property=\"og:image:height\" content=\"1080\" \/>\n\t<meta property=\"og:image:type\" content=\"image\/jpeg\" \/>\n<meta name=\"twitter:card\" content=\"summary_large_image\" \/>\n<meta name=\"twitter:label1\" content=\"Estimeret l\u00e6setid\" \/>\n\t<meta name=\"twitter:data1\" content=\"6 minutter\" \/>\n<script type=\"application\/ld+json\" class=\"yoast-schema-graph\">{\"@context\":\"https:\/\/schema.org\",\"@graph\":[{\"@type\":\"WebPage\",\"@id\":\"https:\/\/rerec.eu\/da\/toc\/\",\"url\":\"https:\/\/rerec.eu\/da\/toc\/\",\"name\":\"AGB &#8211; ReRec GmbH\",\"isPartOf\":{\"@id\":\"https:\/\/rerec.eu\/da\/#website\"},\"datePublished\":\"2024-12-16T21:29:47+00:00\",\"dateModified\":\"2025-07-26T10:49:05+00:00\",\"breadcrumb\":{\"@id\":\"https:\/\/rerec.eu\/da\/toc\/#breadcrumb\"},\"inLanguage\":\"da-DK\",\"potentialAction\":[{\"@type\":\"ReadAction\",\"target\":[\"https:\/\/rerec.eu\/da\/toc\/\"]}]},{\"@type\":\"BreadcrumbList\",\"@id\":\"https:\/\/rerec.eu\/da\/toc\/#breadcrumb\",\"itemListElement\":[{\"@type\":\"ListItem\",\"position\":1,\"name\":\"Home\",\"item\":\"https:\/\/rerec.eu\/da\/\"},{\"@type\":\"ListItem\",\"position\":2,\"name\":\"AGB\"}]},{\"@type\":\"WebSite\",\"@id\":\"https:\/\/rerec.eu\/da\/#website\",\"url\":\"https:\/\/rerec.eu\/da\/\",\"name\":\"ReRec GmbH\",\"description\":\"Wir kaufen Elektronikschrott, Sonderlegierungen und Edelmetalle aller Art.\",\"publisher\":{\"@id\":\"https:\/\/rerec.eu\/da\/#organization\"},\"alternateName\":\"ReRec Recycling\",\"potentialAction\":[{\"@type\":\"SearchAction\",\"target\":{\"@type\":\"EntryPoint\",\"urlTemplate\":\"https:\/\/rerec.eu\/da\/?s={search_term_string}\"},\"query-input\":{\"@type\":\"PropertyValueSpecification\",\"valueRequired\":true,\"valueName\":\"search_term_string\"}}],\"inLanguage\":\"da-DK\"},{\"@type\":\"Organization\",\"@id\":\"https:\/\/rerec.eu\/da\/#organization\",\"name\":\"ReRec GmbH\",\"alternateName\":\"ReRec Recycling\",\"url\":\"https:\/\/rerec.eu\/da\/\",\"logo\":{\"@type\":\"ImageObject\",\"inLanguage\":\"da-DK\",\"@id\":\"https:\/\/rerec.eu\/da\/#\/schema\/logo\/image\/\",\"url\":\"https:\/\/rerec.eu\/wp-content\/uploads\/2024\/12\/rerec-gmbh-recycling.svg\",\"contentUrl\":\"https:\/\/rerec.eu\/wp-content\/uploads\/2024\/12\/rerec-gmbh-recycling.svg\",\"width\":165,\"height\":50,\"caption\":\"ReRec GmbH\"},\"image\":{\"@id\":\"https:\/\/rerec.eu\/da\/#\/schema\/logo\/image\/\"},\"sameAs\":[\"https:\/\/www.facebook.com\/profile.php?id=100063562990196#\"]}]}<\/script>\n<!-- \/ Yoast SEO plugin. -->","yoast_head_json":{"title":"AGB &#8211; ReRec GmbH","robots":{"index":"index","follow":"follow","max-snippet":"max-snippet:-1","max-image-preview":"max-image-preview:large","max-video-preview":"max-video-preview:-1"},"canonical":"https:\/\/rerec.eu\/da\/toc\/","og_locale":"da_DK","og_type":"article","og_title":"AGB &#8211; ReRec GmbH","og_url":"https:\/\/rerec.eu\/da\/toc\/","og_site_name":"ReRec GmbH","article_publisher":"https:\/\/www.facebook.com\/profile.php?id=100063562990196#","article_modified_time":"2025-07-26T10:49:05+00:00","og_image":[{"width":1920,"height":1080,"url":"https:\/\/rerec.eu\/wp-content\/uploads\/2025\/01\/rerec-leiterplatten-ankauf.jpg","type":"image\/jpeg"}],"twitter_card":"summary_large_image","twitter_misc":{"Estimeret l\u00e6setid":"6 minutter"},"schema":{"@context":"https:\/\/schema.org","@graph":[{"@type":"WebPage","@id":"https:\/\/rerec.eu\/da\/toc\/","url":"https:\/\/rerec.eu\/da\/toc\/","name":"AGB &#8211; ReRec GmbH","isPartOf":{"@id":"https:\/\/rerec.eu\/da\/#website"},"datePublished":"2024-12-16T21:29:47+00:00","dateModified":"2025-07-26T10:49:05+00:00","breadcrumb":{"@id":"https:\/\/rerec.eu\/da\/toc\/#breadcrumb"},"inLanguage":"da-DK","potentialAction":[{"@type":"ReadAction","target":["https:\/\/rerec.eu\/da\/toc\/"]}]},{"@type":"BreadcrumbList","@id":"https:\/\/rerec.eu\/da\/toc\/#breadcrumb","itemListElement":[{"@type":"ListItem","position":1,"name":"Home","item":"https:\/\/rerec.eu\/da\/"},{"@type":"ListItem","position":2,"name":"AGB"}]},{"@type":"WebSite","@id":"https:\/\/rerec.eu\/da\/#website","url":"https:\/\/rerec.eu\/da\/","name":"ReRec GmbH","description":"Wir kaufen Elektronikschrott, Sonderlegierungen und Edelmetalle aller Art.","publisher":{"@id":"https:\/\/rerec.eu\/da\/#organization"},"alternateName":"ReRec Recycling","potentialAction":[{"@type":"SearchAction","target":{"@type":"EntryPoint","urlTemplate":"https:\/\/rerec.eu\/da\/?s={search_term_string}"},"query-input":{"@type":"PropertyValueSpecification","valueRequired":true,"valueName":"search_term_string"}}],"inLanguage":"da-DK"},{"@type":"Organization","@id":"https:\/\/rerec.eu\/da\/#organization","name":"ReRec GmbH","alternateName":"ReRec Recycling","url":"https:\/\/rerec.eu\/da\/","logo":{"@type":"ImageObject","inLanguage":"da-DK","@id":"https:\/\/rerec.eu\/da\/#\/schema\/logo\/image\/","url":"https:\/\/rerec.eu\/wp-content\/uploads\/2024\/12\/rerec-gmbh-recycling.svg","contentUrl":"https:\/\/rerec.eu\/wp-content\/uploads\/2024\/12\/rerec-gmbh-recycling.svg","width":165,"height":50,"caption":"ReRec GmbH"},"image":{"@id":"https:\/\/rerec.eu\/da\/#\/schema\/logo\/image\/"},"sameAs":["https:\/\/www.facebook.com\/profile.php?id=100063562990196#"]}]}},"_links":{"self":[{"href":"https:\/\/rerec.eu\/da\/wp-json\/wp\/v2\/pages\/3567","targetHints":{"allow":["GET"]}}],"collection":[{"href":"https:\/\/rerec.eu\/da\/wp-json\/wp\/v2\/pages"}],"about":[{"href":"https:\/\/rerec.eu\/da\/wp-json\/wp\/v2\/types\/page"}],"author":[{"embeddable":true,"href":"https:\/\/rerec.eu\/da\/wp-json\/wp\/v2\/users\/1"}],"replies":[{"embeddable":true,"href":"https:\/\/rerec.eu\/da\/wp-json\/wp\/v2\/comments?post=3567"}],"version-history":[{"count":23,"href":"https:\/\/rerec.eu\/da\/wp-json\/wp\/v2\/pages\/3567\/revisions"}],"predecessor-version":[{"id":11362,"href":"https:\/\/rerec.eu\/da\/wp-json\/wp\/v2\/pages\/3567\/revisions\/11362"}],"wp:attachment":[{"href":"https:\/\/rerec.eu\/da\/wp-json\/wp\/v2\/media?parent=3567"}],"curies":[{"name":"wp","href":"https:\/\/api.w.org\/{rel}","templated":true}]}}