{"id":3612,"date":"2024-12-16T22:29:47","date_gmt":"2024-12-16T21:29:47","guid":{"rendered":"https:\/\/rerec.eu\/?page_id=3612"},"modified":"2025-07-26T11:54:38","modified_gmt":"2025-07-26T10:54:38","slug":"toc","status":"publish","type":"page","link":"https:\/\/rerec.eu\/es\/toc\/","title":{"rendered":"TCG"},"content":{"rendered":"<div class=\"fusion-fullwidth fullwidth-box fusion-builder-row-1 fusion-flex-container has-pattern-background has-mask-background nonhundred-percent-fullwidth non-hundred-percent-height-scrolling plain-text\" style=\"--awb-border-radius-top-left:0px;--awb-border-radius-top-right:0px;--awb-border-radius-bottom-right:0px;--awb-border-radius-bottom-left:0px;--awb-flex-wrap:wrap;\" ><div class=\"fusion-builder-row fusion-row fusion-flex-align-items-flex-start fusion-flex-content-wrap\" style=\"max-width:1591.2px;margin-left: calc(-4% \/ 2 );margin-right: calc(-4% \/ 2 );\"><div class=\"fusion-layout-column fusion_builder_column fusion-builder-column-0 fusion_builder_column_1_1 1_1 fusion-flex-column\" style=\"--awb-bg-size:cover;--awb-width-large:100%;--awb-margin-top-large:0px;--awb-spacing-right-large:1.92%;--awb-margin-bottom-large:20px;--awb-spacing-left-large:1.92%;--awb-width-medium:100%;--awb-order-medium:0;--awb-spacing-right-medium:1.92%;--awb-spacing-left-medium:1.92%;--awb-width-small:100%;--awb-order-small:0;--awb-spacing-right-small:1.92%;--awb-spacing-left-small:1.92%;\"><div class=\"fusion-column-wrapper fusion-column-has-shadow fusion-flex-justify-content-flex-start fusion-content-layout-column\"><div class=\"fusion-text fusion-text-1\"><h1>T\u00e9rminos y Condiciones Generales (TCG) de ReRec GmbH<\/h1>\n<p> Por favor, lea estos t\u00e9rminos y condiciones cuidadosamente y en su totalidad antes de utilizar un servicio de ReRec GmbH. <\/p>\n<h2>Resumen de los TCG<\/h2>\n<ol>\n<li>\u00c1mbito de aplicaci\u00f3n<\/li>\n<li>Objeto del contrato &#8211; Formaci\u00f3n del contrato<\/li>\n<li>Requisitos para un contrato legalmente v\u00e1lido<\/li>\n<li>Determinaci\u00f3n del precio de compra<\/li>\n<li>Pago<\/li>\n<li>Ley de blanqueo de capitales<\/li>\n<li>Derecho de desistimiento<\/li>\n<li>Responsabilidad<\/li>\n<li>Adquisici\u00f3n de propiedad<\/li>\n<li>Idioma del contrato y condiciones del contrato<\/li>\n<li>Cl\u00e1usula de salvaguardia &#8211; Disposiciones de acuerdo con el BGB \u00a7 306<\/li>\n<\/ol>\n<h3>\u00a7 1 \u00c1mbito de aplicaci\u00f3n<\/h3>\n<p> Estos T\u00e9rminos y Condiciones Generales (TCG) regulan todas las transacciones comerciales y las relaciones contractuales entre ReRec GmbH (en adelante, \u00abComprador\u00bb) y usted (en adelante, \u00abVendedor\u00bb) en su versi\u00f3n v\u00e1lida en el momento de la celebraci\u00f3n del contrato. El Vendedor reconoce y acepta estos TCG al realizar un pedido o al utilizar nuestros servicios. A menos que se acuerde lo contrario, s\u00f3lo se aplicar\u00e1n estos TCG; se rechaza expresamente cualquier T\u00e9rmino y Condiciones Generales del Vendedor que difieran. <\/p>\n<h3>\u00a7 2 Objeto del contrato &#8211; Formaci\u00f3n del contrato<\/h3>\n<p> En caso de celebraci\u00f3n del contrato, el contrato se celebra con <strong>ReRec GmbH<\/strong> Leinestra\u00dfe 39 24539 Neum\u00fcnster Tel\u00e9fono: +49 04321 2067906 o +49 04321 9655786 Correo electr\u00f3nico: info@rerec.eu. El Comprador ofrece los siguientes servicios: Compra de residuos electr\u00f3nicos, metales preciosos, carburo de tungsteno, HSS, metales, cables y metales especiales, destrucci\u00f3n de soportes de datos, conceptos de eliminaci\u00f3n y asesoramiento, reciclaje y reutilizaci\u00f3n (en adelante, \u00abMercanc\u00eda de Compra\u00bb). El Comprador decide s\u00f3lo despu\u00e9s de examinar y analizar la Mercanc\u00eda de Compra si hace una oferta de contrato al Vendedor o acepta una oferta del Vendedor. Los precios de compra actuales del d\u00eda no constituyen una oferta legalmente vinculante. El Vendedor puede ver los precios de la Mercanc\u00eda de Compra correspondiente en l\u00ednea o en el lugar. Al presentar los precios de compra, el Vendedor s\u00f3lo se invita a hacer una oferta. El Vendedor es libre de ofrecer la Mercanc\u00eda de Compra al Comprador en persona o de enviarla por correo a su propio costo. Si ambas partes del contrato est\u00e1n de acuerdo mediante oferta y aceptaci\u00f3n, se celebra un contrato. Con la transferencia legal de la Mercanc\u00eda de Compra al Comprador, se paga el precio de compra determinado (ver \u00a7 4 y \u00a7 5). El Comprador puede excluir ciertos m\u00e9todos de pago en casos individuales. <\/p>\n<h3>\u00a7 3 Requisitos para un contrato legalmente v\u00e1lido<\/h3>\n<p> El Vendedor confirma de manera vinculante que: <\/p>\n<ul>\n<li>ha cumplido 18 a\u00f1os,<\/li>\n<li>es plenamente capaz de contratar,<\/li>\n<li>posee la propiedad completa, incondicional y legal de la Mercanc\u00eda de Compra y que \u00e9sta no proviene de actos delictivos y no existen derechos de disposici\u00f3n de terceros.<\/li>\n<\/ul>\n<h3>\u00a7 4 Determinaci\u00f3n del precio de compra<\/h3>\n<p> La determinaci\u00f3n del precio de compra se realiza por el Comprador tan pronto como \u00e9ste est\u00e1 en posesi\u00f3n de la Mercanc\u00eda de Compra. S\u00f3lo entonces es posible determinar el valor de la Mercanc\u00eda de Compra mediante m\u00e9todos de prueba y an\u00e1lisis. El valor se determina por factores como la cantidad, el peso, el grado de pureza, los posibles procesos de clasificaci\u00f3n y\/o desmontaje, as\u00ed como los precios de compra actuales del d\u00eda de la Mercanc\u00eda de Compra. El Comprador no tiene influencia sobre el precio de compra actual del d\u00eda; \u00e9ste se ajusta diariamente por el comercio en la Bolsa de Metales de Londres (London Metal Exchange &#8211; LME). El Vendedor permite al Comprador un posible da\u00f1o o destrucci\u00f3n de la Mercanc\u00eda de Compra por m\u00e9todos de an\u00e1lisis espec\u00edficos para la evaluaci\u00f3n y determinaci\u00f3n del valor. Esto no da lugar a ninguna reclamaci\u00f3n del Vendedor para la celebraci\u00f3n de un contrato o reclamaciones de da\u00f1os y perjuicios. Si el Vendedor no est\u00e1 satisfecho con la determinaci\u00f3n del precio de compra y no se celebra un contrato, puede llevarse la Mercanc\u00eda de Compra en el lugar o el Comprador la devuelve al Vendedor y cobra los gastos de env\u00edo al Vendedor. El Vendedor tambi\u00e9n puede recoger la Mercanc\u00eda de Compra en el lugar, siempre que esto se haya acordado y aprobado con el Comprador. <\/p>\n<h3>\u00a7 5 Pago<\/h3>\n<p> Los Vendedores que entregan su Mercanc\u00eda de Compra en el lugar reciben el precio de compra en efectivo o por transferencia a la cuenta que han indicado. Los Vendedores que env\u00edan su Mercanc\u00eda de Compra por correo reciben el precio de compra en la cuenta que han indicado o a trav\u00e9s del servicio de pago PayPal dentro de los 3 d\u00edas h\u00e1biles despu\u00e9s de recibir la Mercanc\u00eda de Compra. Los d\u00edas h\u00e1biles son de lunes a viernes; los fines de semana y d\u00edas festivos no se cuentan. No se puede enviar dinero en efectivo. Si el Vendedor elige PayPal como m\u00e9todo de pago, las tarifas de pago incurridas por esta transacci\u00f3n se deducir\u00e1n del precio de compra, reduciendo el monto del pago en un 2%. El Comprador no tiene control sobre las tarifas de pago de PayPal. <\/p>\n<h3>\u00a7 6 Ley de blanqueo de capitales<\/h3>\n<p> Debido a la Ley de Blanqueo de Capitales (Ley sobre la Detecci\u00f3n de Ganancias de Delitos Graves), el Comprador est\u00e1 legalmente obligado a documentar la identidad del Vendedor. Los Vendedores que entregan su Mercanc\u00eda de Compra en el lugar deben presentar su documento de identidad. El Comprador se reserva el derecho de exigir al Vendedor una prueba de propiedad. Los Vendedores que env\u00edan la Mercanc\u00eda de Compra por correo demuestran su identidad proporcionando los detalles de su cuenta bancaria para la transferencia del precio de compra. <\/p>\n<h3>\u00a7 7 Derecho de desistimiento<\/h3>\n<p> El Vendedor no tiene derecho de desistimiento despu\u00e9s de la celebraci\u00f3n del contrato. Esto se debe, entre otras cosas, a que los precios de compra est\u00e1n sujetos a fluctuaciones significativas o a que la Mercanc\u00eda de Compra ya ha sido reciclada o valorizada despu\u00e9s de la adquisici\u00f3n de la propiedad. Para no restringir la comerciabilidad de la Mercanc\u00eda de Compra y todo el tr\u00e1fico comercial, el Vendedor no tiene derecho de desistimiento. <\/p>\n<h3>\u00a7 8 Responsabilidad<\/h3>\n<p> El Comprador no asume ninguna responsabilidad por el contenido o el transporte, ni por los da\u00f1os causados por la Mercanc\u00eda de Compra que no est\u00e9 suficientemente asegurada para el transporte por el Vendedor. El Comprador s\u00f3lo es responsable de los da\u00f1os derivados de lesiones a la vida, al cuerpo o a la salud si se basan en una violaci\u00f3n intencional o negligente de una obligaci\u00f3n por parte del Comprador o de un representante legal o auxiliar del Comprador. Para otros da\u00f1os, en la medida en que no se basen en la violaci\u00f3n de obligaciones cardinales, el Comprador s\u00f3lo es responsable si se basan en una violaci\u00f3n intencional o gravemente negligente de una obligaci\u00f3n por parte del Comprador o de un representante legal o auxiliar del Comprador. <\/p>\n<h3>\u00a7 9 Adquisici\u00f3n de propiedad<\/h3>\n<p> La propiedad de la Mercanc\u00eda de Compra se transfiere al Comprador con el pago del precio de compra. <\/p>\n<h3>\u00a7 10 Idioma del contrato y condiciones del contrato<\/h3>\n<p> El idioma del contrato es exclusivamente el alem\u00e1n, y se aplica la ley de la Rep\u00fablica Federal de Alemania. Se excluye la aplicaci\u00f3n de la Convenci\u00f3n de las Naciones Unidas sobre los Contratos de Compraventa Internacional de Mercader\u00edas. El lugar de jurisdicci\u00f3n para los comerciantes y el lugar de cumplimiento es la sede de ReRec GmbH. En caso de acciones fraudulentas evidentes por parte del Vendedor, el Comprador se reserva el derecho de tomar medidas legales. La informaci\u00f3n sobre la protecci\u00f3n de datos se puede encontrar en la declaraci\u00f3n de protecci\u00f3n de datos separada. <\/p>\n<h3>\u00a7 11 Cl\u00e1usula de salvaguardia &#8211; Disposiciones de acuerdo con el BGB \u00a7 306<\/h3>\n<p> Si alguna de las disposiciones de estos TCG o partes de ellas son o se vuelven total o parcialmente inv\u00e1lidas, esto no afectar\u00e1 la validez del resto de los TCG. Estas regulaciones est\u00e1n legalmente establecidas en el C\u00f3digo Civil (BGB) \u00a7 306 p\u00e1rrafos 1 a 3. En tal caso, la disposici\u00f3n debe ser reemplazada en t\u00e9rminos de su prop\u00f3sito y significado por otra disposici\u00f3n legalmente permisible que corresponda al prop\u00f3sito y significado de la disposici\u00f3n inv\u00e1lida.<\/p>\n<\/div><\/div><\/div><\/div><\/div>\n","protected":false},"excerpt":{"rendered":"","protected":false},"author":1,"featured_media":0,"parent":0,"menu_order":0,"comment_status":"closed","ping_status":"closed","template":"100-width.php","meta":{"footnotes":""},"class_list":["post-3612","page","type-page","status-publish","hentry"],"yoast_head":"<!-- This site is optimized with the Yoast SEO plugin v26.8 - https:\/\/yoast.com\/product\/yoast-seo-wordpress\/ -->\n<title>TCG &#8211; ReRec GmbH<\/title>\n<meta name=\"robots\" content=\"index, follow, max-snippet:-1, max-image-preview:large, max-video-preview:-1\" \/>\n<link rel=\"canonical\" href=\"https:\/\/rerec.eu\/es\/toc\/\" \/>\n<meta property=\"og:locale\" content=\"es_ES\" \/>\n<meta property=\"og:type\" content=\"article\" \/>\n<meta property=\"og:title\" content=\"TCG &#8211; ReRec GmbH\" \/>\n<meta property=\"og:url\" content=\"https:\/\/rerec.eu\/es\/toc\/\" \/>\n<meta property=\"og:site_name\" content=\"ReRec GmbH\" \/>\n<meta property=\"article:publisher\" content=\"https:\/\/www.facebook.com\/profile.php?id=100063562990196#\" \/>\n<meta property=\"article:modified_time\" content=\"2025-07-26T10:54:38+00:00\" \/>\n<meta property=\"og:image\" content=\"https:\/\/rerec.eu\/wp-content\/uploads\/2025\/01\/rerec-leiterplatten-ankauf.jpg\" \/>\n\t<meta property=\"og:image:width\" content=\"1920\" \/>\n\t<meta property=\"og:image:height\" content=\"1080\" \/>\n\t<meta property=\"og:image:type\" content=\"image\/jpeg\" \/>\n<meta name=\"twitter:card\" content=\"summary_large_image\" \/>\n<meta name=\"twitter:label1\" content=\"Tiempo de lectura\" \/>\n\t<meta name=\"twitter:data1\" content=\"8 minutos\" \/>\n<script type=\"application\/ld+json\" class=\"yoast-schema-graph\">{\"@context\":\"https:\/\/schema.org\",\"@graph\":[{\"@type\":\"WebPage\",\"@id\":\"https:\/\/rerec.eu\/es\/toc\/\",\"url\":\"https:\/\/rerec.eu\/es\/toc\/\",\"name\":\"TCG &#8211; ReRec GmbH\",\"isPartOf\":{\"@id\":\"https:\/\/rerec.eu\/es\/#website\"},\"datePublished\":\"2024-12-16T21:29:47+00:00\",\"dateModified\":\"2025-07-26T10:54:38+00:00\",\"breadcrumb\":{\"@id\":\"https:\/\/rerec.eu\/es\/toc\/#breadcrumb\"},\"inLanguage\":\"es\",\"potentialAction\":[{\"@type\":\"ReadAction\",\"target\":[\"https:\/\/rerec.eu\/es\/toc\/\"]}]},{\"@type\":\"BreadcrumbList\",\"@id\":\"https:\/\/rerec.eu\/es\/toc\/#breadcrumb\",\"itemListElement\":[{\"@type\":\"ListItem\",\"position\":1,\"name\":\"Home\",\"item\":\"https:\/\/rerec.eu\/es\/\"},{\"@type\":\"ListItem\",\"position\":2,\"name\":\"TCG\"}]},{\"@type\":\"WebSite\",\"@id\":\"https:\/\/rerec.eu\/es\/#website\",\"url\":\"https:\/\/rerec.eu\/es\/\",\"name\":\"ReRec GmbH\",\"description\":\"Wir kaufen Elektronikschrott, Sonderlegierungen und Edelmetalle aller Art.\",\"publisher\":{\"@id\":\"https:\/\/rerec.eu\/es\/#organization\"},\"alternateName\":\"ReRec Recycling\",\"potentialAction\":[{\"@type\":\"SearchAction\",\"target\":{\"@type\":\"EntryPoint\",\"urlTemplate\":\"https:\/\/rerec.eu\/es\/?s={search_term_string}\"},\"query-input\":{\"@type\":\"PropertyValueSpecification\",\"valueRequired\":true,\"valueName\":\"search_term_string\"}}],\"inLanguage\":\"es\"},{\"@type\":\"Organization\",\"@id\":\"https:\/\/rerec.eu\/es\/#organization\",\"name\":\"ReRec GmbH\",\"alternateName\":\"ReRec Recycling\",\"url\":\"https:\/\/rerec.eu\/es\/\",\"logo\":{\"@type\":\"ImageObject\",\"inLanguage\":\"es\",\"@id\":\"https:\/\/rerec.eu\/es\/#\/schema\/logo\/image\/\",\"url\":\"https:\/\/rerec.eu\/wp-content\/uploads\/2024\/12\/rerec-gmbh-recycling.svg\",\"contentUrl\":\"https:\/\/rerec.eu\/wp-content\/uploads\/2024\/12\/rerec-gmbh-recycling.svg\",\"width\":165,\"height\":50,\"caption\":\"ReRec GmbH\"},\"image\":{\"@id\":\"https:\/\/rerec.eu\/es\/#\/schema\/logo\/image\/\"},\"sameAs\":[\"https:\/\/www.facebook.com\/profile.php?id=100063562990196#\"]}]}<\/script>\n<!-- \/ Yoast SEO plugin. -->","yoast_head_json":{"title":"TCG &#8211; ReRec GmbH","robots":{"index":"index","follow":"follow","max-snippet":"max-snippet:-1","max-image-preview":"max-image-preview:large","max-video-preview":"max-video-preview:-1"},"canonical":"https:\/\/rerec.eu\/es\/toc\/","og_locale":"es_ES","og_type":"article","og_title":"TCG &#8211; ReRec GmbH","og_url":"https:\/\/rerec.eu\/es\/toc\/","og_site_name":"ReRec GmbH","article_publisher":"https:\/\/www.facebook.com\/profile.php?id=100063562990196#","article_modified_time":"2025-07-26T10:54:38+00:00","og_image":[{"width":1920,"height":1080,"url":"https:\/\/rerec.eu\/wp-content\/uploads\/2025\/01\/rerec-leiterplatten-ankauf.jpg","type":"image\/jpeg"}],"twitter_card":"summary_large_image","twitter_misc":{"Tiempo de lectura":"8 minutos"},"schema":{"@context":"https:\/\/schema.org","@graph":[{"@type":"WebPage","@id":"https:\/\/rerec.eu\/es\/toc\/","url":"https:\/\/rerec.eu\/es\/toc\/","name":"TCG &#8211; ReRec GmbH","isPartOf":{"@id":"https:\/\/rerec.eu\/es\/#website"},"datePublished":"2024-12-16T21:29:47+00:00","dateModified":"2025-07-26T10:54:38+00:00","breadcrumb":{"@id":"https:\/\/rerec.eu\/es\/toc\/#breadcrumb"},"inLanguage":"es","potentialAction":[{"@type":"ReadAction","target":["https:\/\/rerec.eu\/es\/toc\/"]}]},{"@type":"BreadcrumbList","@id":"https:\/\/rerec.eu\/es\/toc\/#breadcrumb","itemListElement":[{"@type":"ListItem","position":1,"name":"Home","item":"https:\/\/rerec.eu\/es\/"},{"@type":"ListItem","position":2,"name":"TCG"}]},{"@type":"WebSite","@id":"https:\/\/rerec.eu\/es\/#website","url":"https:\/\/rerec.eu\/es\/","name":"ReRec GmbH","description":"Wir kaufen Elektronikschrott, Sonderlegierungen und Edelmetalle aller Art.","publisher":{"@id":"https:\/\/rerec.eu\/es\/#organization"},"alternateName":"ReRec Recycling","potentialAction":[{"@type":"SearchAction","target":{"@type":"EntryPoint","urlTemplate":"https:\/\/rerec.eu\/es\/?s={search_term_string}"},"query-input":{"@type":"PropertyValueSpecification","valueRequired":true,"valueName":"search_term_string"}}],"inLanguage":"es"},{"@type":"Organization","@id":"https:\/\/rerec.eu\/es\/#organization","name":"ReRec GmbH","alternateName":"ReRec Recycling","url":"https:\/\/rerec.eu\/es\/","logo":{"@type":"ImageObject","inLanguage":"es","@id":"https:\/\/rerec.eu\/es\/#\/schema\/logo\/image\/","url":"https:\/\/rerec.eu\/wp-content\/uploads\/2024\/12\/rerec-gmbh-recycling.svg","contentUrl":"https:\/\/rerec.eu\/wp-content\/uploads\/2024\/12\/rerec-gmbh-recycling.svg","width":165,"height":50,"caption":"ReRec GmbH"},"image":{"@id":"https:\/\/rerec.eu\/es\/#\/schema\/logo\/image\/"},"sameAs":["https:\/\/www.facebook.com\/profile.php?id=100063562990196#"]}]}},"_links":{"self":[{"href":"https:\/\/rerec.eu\/es\/wp-json\/wp\/v2\/pages\/3612","targetHints":{"allow":["GET"]}}],"collection":[{"href":"https:\/\/rerec.eu\/es\/wp-json\/wp\/v2\/pages"}],"about":[{"href":"https:\/\/rerec.eu\/es\/wp-json\/wp\/v2\/types\/page"}],"author":[{"embeddable":true,"href":"https:\/\/rerec.eu\/es\/wp-json\/wp\/v2\/users\/1"}],"replies":[{"embeddable":true,"href":"https:\/\/rerec.eu\/es\/wp-json\/wp\/v2\/comments?post=3612"}],"version-history":[{"count":7,"href":"https:\/\/rerec.eu\/es\/wp-json\/wp\/v2\/pages\/3612\/revisions"}],"predecessor-version":[{"id":11445,"href":"https:\/\/rerec.eu\/es\/wp-json\/wp\/v2\/pages\/3612\/revisions\/11445"}],"wp:attachment":[{"href":"https:\/\/rerec.eu\/es\/wp-json\/wp\/v2\/media?parent=3612"}],"curies":[{"name":"wp","href":"https:\/\/api.w.org\/{rel}","templated":true}]}}