{"id":3588,"date":"2024-12-16T22:29:47","date_gmt":"2024-12-16T21:29:47","guid":{"rendered":"https:\/\/rerec.eu\/?page_id=3588"},"modified":"2025-07-26T11:51:27","modified_gmt":"2025-07-26T10:51:27","slug":"toc","status":"publish","type":"page","link":"https:\/\/rerec.eu\/pl\/toc\/","title":{"rendered":"OWU"},"content":{"rendered":"<div class=\"fusion-fullwidth fullwidth-box fusion-builder-row-1 fusion-flex-container has-pattern-background has-mask-background nonhundred-percent-fullwidth non-hundred-percent-height-scrolling plain-text\" style=\"--awb-border-radius-top-left:0px;--awb-border-radius-top-right:0px;--awb-border-radius-bottom-right:0px;--awb-border-radius-bottom-left:0px;--awb-flex-wrap:wrap;\" ><div class=\"fusion-builder-row fusion-row fusion-flex-align-items-flex-start fusion-flex-content-wrap\" style=\"max-width:1591.2px;margin-left: calc(-4% \/ 2 );margin-right: calc(-4% \/ 2 );\"><div class=\"fusion-layout-column fusion_builder_column fusion-builder-column-0 fusion_builder_column_1_1 1_1 fusion-flex-column\" style=\"--awb-bg-size:cover;--awb-width-large:100%;--awb-margin-top-large:0px;--awb-spacing-right-large:1.92%;--awb-margin-bottom-large:20px;--awb-spacing-left-large:1.92%;--awb-width-medium:100%;--awb-order-medium:0;--awb-spacing-right-medium:1.92%;--awb-spacing-left-medium:1.92%;--awb-width-small:100%;--awb-order-small:0;--awb-spacing-right-small:1.92%;--awb-spacing-left-small:1.92%;\"><div class=\"fusion-column-wrapper fusion-column-has-shadow fusion-flex-justify-content-flex-start fusion-content-layout-column\"><div class=\"fusion-text fusion-text-1\"><h1>Og\u00f3lne Warunki Umowy (OWU) firmy ReRec GmbH<\/h1>\n<p> Prosimy o uwa\u017cne i pe\u0142ne przeczytanie tych warunk\u00f3w przed skorzystaniem z us\u0142ugi firmy ReRec GmbH. <\/p>\n<h2>Przegl\u0105d OWU<\/h2>\n<ol>\n<li>Zakres stosowania<\/li>\n<li>Przedmiot umowy \u2013 zawarcie umowy<\/li>\n<li>Wymagania dla wa\u017cnej umowy<\/li>\n<li>Okre\u015blenie ceny zakupu<\/li>\n<li>Wyp\u0142ata<\/li>\n<li>Ustawa o przeciwdzia\u0142aniu praniu brudnych pieni\u0119dzy<\/li>\n<li>Prawo do odst\u0105pienia od umowy<\/li>\n<li>Odpowiedzialno\u015b\u0107<\/li>\n<li>Nabycie w\u0142asno\u015bci<\/li>\n<li>J\u0119zyk umowy i warunki umowy<\/li>\n<li>Klauzula salwatoryjna \u2013 postanowienia zgodnie z BGB \u00a7 306<\/li>\n<\/ol>\n<h3>\u00a7 1 Zakres stosowania<\/h3>\n<p> Niniejsze Og\u00f3lne Warunki Umowy (OWU) reguluj\u0105 wszystkie transakcje handlowe oraz stosunki umowne pomi\u0119dzy firm\u0105 ReRec GmbH (zwanej dalej &#8222;Nabywc\u0105&#8221;) a Pa\u0144stwem (zwani dalej &#8222;Sprzedawc\u0105&#8221;) w ich formie obowi\u0105zuj\u0105cej w momencie zawarcia umowy. Sprzedawca akceptuje te OWU poprzez z\u0142o\u017cenie zam\u00f3wienia lub skorzystanie z naszych us\u0142ug. O ile nie uzgodniono inaczej, obowi\u0105zuj\u0105 wy\u0142\u0105cznie te OWU; wyra\u017anie sprzeciwiamy si\u0119 odmiennym Og\u00f3lnym Warunkom Umowy Sprzedawcy. <\/p>\n<h3>\u00a7 2 Przedmiot umowy \u2013 zawarcie umowy<\/h3>\n<p> W przypadku zawarcia umowy, umowa zostaje zawarta z firm\u0105 <strong>ReRec GmbH<\/strong> Leinestra\u00dfe 39 24539 Neum\u00fcnster Telefon: +49 04321 2067906 lub +49 04321 9655786 E-mail: info@rerec.eu. Nabywca oferuje nast\u0119puj\u0105ce us\u0142ugi: zakup z\u0142omu elektronicznego, metali szlachetnych, w\u0119glika spiekanego, HSS, metali, kabli i metali specjalnych, niszczenie no\u015bnik\u00f3w danych, koncepcje utylizacji i doradztwo, recykling i ponowne u\u017cycie (zwane dalej &#8222;towarem zakupu&#8221;). Nabywca decyduje, czy sk\u0142ada ofert\u0119 umowy Sprzedawcy lub akceptuje ofert\u0119 Sprzedawcy, dopiero po sprawdzeniu i analizie towaru zakupu. Bie\u017c\u0105ce ceny zakupu nie stanowi\u0105 prawnie wi\u0105\u017c\u0105cej oferty. Sprzedawca mo\u017ce sprawdzi\u0107 ceny dla poszczeg\u00f3lnych towar\u00f3w zakupu online lub na miejscu. Prezentacja cen zakupu jest jedynie zach\u0119t\u0105 dla Sprzedawcy do z\u0142o\u017cenia oferty. Sprzedawca ma prawo zaoferowa\u0107 towar zakupu Nabywcy osobi\u015bcie na miejscu lub wys\u0142a\u0107 go na w\u0142asny koszt poczt\u0105. Je\u017celi obie strony umowy zgadzaj\u0105 si\u0119 co do oferty i jej przyj\u0119cia, umowa zostaje zawarta. Po prawnej przekazaniu towaru zakupu Nabywcy, wyp\u0142acana jest ustalona cena zakupu (patrz \u00a7 4 i \u00a7 5). Pewne formy p\u0142atno\u015bci mog\u0105 by\u0107 wykluczone przez Nabywc\u0119 w poszczeg\u00f3lnych przypadkach. <\/p>\n<h3>\u00a7 3 Wymagania dla wa\u017cnej umowy<\/h3>\n<p> Sprzedawca potwierdza wi\u0105\u017c\u0105co, \u017ce: <\/p>\n<ul>\n<li>uko\u0144czy\u0142 18. rok \u017cycia,<\/li>\n<li>jest w pe\u0142ni zdolny do czynno\u015bci prawnych,<\/li>\n<li>posiada nieograniczone i prawne prawo w\u0142asno\u015bci do towaru zakupu, kt\u00f3ry nie pochodzi z dzia\u0142alno\u015bci przest\u0119pczej i nie istniej\u0105 \u017cadne prawa dyspozycji os\u00f3b trzecich.<\/li>\n<\/ul>\n<h3>\u00a7 4 Okre\u015blenie ceny zakupu<\/h3>\n<p> Cena zakupu jest ustalana przez Nabywc\u0119, jak tylko ten znajdzie si\u0119 w posiadaniu towaru zakupu. Tylko wtedy mo\u017cliwe jest okre\u015blenie warto\u015bci towaru zakupu za pomoc\u0105 metod testowych i procedur analizy. Warto\u015b\u0107 jest okre\u015blana na podstawie czynnik\u00f3w takich jak liczba, waga, stopie\u0144 czysto\u015bci, ewentualne procesy sortowania i\/lub demonta\u017cu oraz bie\u017c\u0105ce ceny zakupu towaru zakupu. Nabywca nie ma wp\u0142ywu na bie\u017c\u0105c\u0105 cen\u0119 zakupu; jest ona dostosowywana codziennie przez handel na Londy\u0144skiej Gie\u0142dzie Surowc\u00f3w (London Metal Exchange \u2013 LME). Sprzedawca zezwala Nabywcy na ewentualne uszkodzenie lub zniszczenie towaru zakupu przez specyficzne metody analizy do oceny i okre\u015blenia warto\u015bci. Nie wynika z tego \u017cadne roszczenie Sprzedawcy o zawarcie umowy lub odszkodowanie. Je\u017celi Sprzedawca nie jest zadowolony z ustalonej ceny zakupu i umowa nie zostaje zawarta, mo\u017ce on zabra\u0107 towar zakupu na miejscu lub Nabywca odsy\u0142a go Sprzedawcy i obci\u0105\u017ca Sprzedawc\u0119 kosztami wysy\u0142ki. Sprzedawca mo\u017ce r\u00f3wnie\u017c odebra\u0107 towar zakupu na miejscu, je\u017celi zosta\u0142o to uzgodnione i zatwierdzone przez Nabywc\u0119. <\/p>\n<h3>\u00a7 5 Wyp\u0142ata<\/h3>\n<p> Sprzedawcy, kt\u00f3rzy dostarczaj\u0105 towar zakupu na miejscu, otrzymuj\u0105 cen\u0119 zakupu w got\u00f3wce lub przelewem na wskazane przez nich konto. Sprzedawcy, kt\u00f3rzy wysy\u0142aj\u0105 towar zakupu poczt\u0105, otrzymuj\u0105 cen\u0119 zakupu w ci\u0105gu 3 dni roboczych od otrzymania towaru zakupu na wskazane przez nich konto lub za po\u015brednictwem us\u0142ugi p\u0142atno\u015bci PayPal. Dni robocze to poniedzia\u0142ek do pi\u0105tku; weekendy i \u015bwi\u0119ta nie s\u0105 liczone. Nie mo\u017cna wys\u0142a\u0107 got\u00f3wki. Je\u017celi Sprzedawca wybiera PayPal jako form\u0119 p\u0142atno\u015bci, op\u0142aty za t\u0119 transakcj\u0119 s\u0105 potr\u0105cane z ceny zakupu, co skutkuje zmniejszeniem kwoty wyp\u0142aty o 2%. Op\u0142aty za p\u0142atno\u015bci PayPal nie s\u0105 zale\u017cne od Nabywcy. <\/p>\n<h3>\u00a7 6 Ustawa o przeciwdzia\u0142aniu praniu brudnych pieni\u0119dzy<\/h3>\n<p> Ze wzgl\u0119du na ustaw\u0119 o przeciwdzia\u0142aniu praniu brudnych pieni\u0119dzy (ustawa o wykrywaniu zysk\u00f3w z powa\u017cnych przest\u0119pstw), Nabywca jest prawnie zobowi\u0105zany do dokumentowania to\u017csamo\u015bci Sprzedawcy. Sprzedawcy, kt\u00f3rzy dostarczaj\u0105 towar zakupu na miejscu, musz\u0105 okaza\u0107 dow\u00f3d osobisty. Nabywca zastrzega sobie prawo do \u017c\u0105dania od Sprzedawcy dowodu w\u0142asno\u015bci. Sprzedawcy, kt\u00f3rzy wysy\u0142aj\u0105 towar zakupu poczt\u0105, udowadniaj\u0105 swoj\u0105 to\u017csamo\u015b\u0107 poprzez podanie swojego numeru konta do przelewu ceny zakupu. <\/p>\n<h3>\u00a7 7 Prawo do odst\u0105pienia od umowy<\/h3>\n<p> Sprzedawca nie ma prawa do odst\u0105pienia od umowy po jej zawarciu. Wynika to mi\u0119dzy innymi z faktu, \u017ce ceny zakupu cz\u0119sto ulegaj\u0105 du\u017cym wahaniom lub towar zakupu zosta\u0142 ju\u017c zrecyklowany lub wykorzystany po nabyciu w\u0142asno\u015bci. Aby nie ogranicza\u0107 zdolno\u015bci towaru zakupu do obrotu i ca\u0142ego obrotu gospodarczego, Sprzedawca nie ma prawa do odst\u0105pienia od umowy. <\/p>\n<h3>\u00a7 8 Odpowiedzialno\u015b\u0107<\/h3>\n<p> Nabywca nie ponosi odpowiedzialno\u015bci za zawarto\u015b\u0107 lub transport, ani za szkody wynikaj\u0105ce z niewystarczaj\u0105cego zabezpieczenia towaru zakupu do transportu przez Sprzedawc\u0119. Za szkody wynikaj\u0105ce z uszczerbku na zdrowiu, ciele lub \u017cyciu, Nabywca odpowiada tylko wtedy, gdy wynikaj\u0105 one z umy\u015blnego lub nieumy\u015blnego naruszenia obowi\u0105zk\u00f3w przez Nabywc\u0119 lub jego prawnego przedstawiciela lub pomocnika. Za pozosta\u0142e szkody, o ile nie wynikaj\u0105 one z naruszenia podstawowych obowi\u0105zk\u00f3w, Nabywca odpowiada tylko wtedy, gdy wynikaj\u0105 one z umy\u015blnego lub ra\u017c\u0105cego naruszenia obowi\u0105zk\u00f3w przez Nabywc\u0119 lub jego prawnego przedstawiciela lub pomocnika. <\/p>\n<h3>\u00a7 9 Nabycie w\u0142asno\u015bci<\/h3>\n<p> Prawo w\u0142asno\u015bci do towaru zakupu przechodzi na Nabywc\u0119 po zap\u0142aceniu ceny zakupu. <\/p>\n<h3>\u00a7 10 J\u0119zyk umowy i warunki umowy<\/h3>\n<p> J\u0119zykiem umowy jest wy\u0142\u0105cznie niemiecki, a obowi\u0105zuje prawo Republiki Federalnej Niemiec. Wyklucza si\u0119 stosowanie prawa handlowego ONZ. Miejscem jurysdykcji dla przedsi\u0119biorc\u00f3w i miejscem wykonania jest siedziba firmy ReRec GmbH. W przypadku oczywistych dzia\u0142a\u0144 oszustwa ze strony Sprzedawcy, Nabywca zastrzega sobie prawo do podj\u0119cia dzia\u0142a\u0144 prawnych. Informacje o ochronie danych mo\u017cna znale\u017a\u0107 w osobnej Polityce Prywatno\u015bci. <\/p>\n<h3>\u00a7 11 Klauzula salwatoryjna \u2013 postanowienia zgodnie z BGB \u00a7 306<\/h3>\n<p> Je\u017celi poszczeg\u00f3lne postanowienia tych OWU lub ich cz\u0119\u015bci s\u0105 lub stan\u0105 si\u0119 ca\u0142kowicie lub cz\u0119\u015bciowo niewa\u017cne, nie wp\u0142ywa to na wa\u017cno\u015b\u0107 pozosta\u0142ych OWU. Te regulacje s\u0105 prawnie zakotwiczone w Kodeksie Cywilnym (BGB) \u00a7 306 ust. 1 do 3. Je\u017celi taka sytuacja wyst\u0105pi, postanowienie powinno by\u0107 zast\u0105pione innym prawnie dopuszczalnym postanowieniem, kt\u00f3re odpowiada celowi i sensowi niewa\u017cnego postanowienia.<\/p>\n<\/div><\/div><\/div><\/div><\/div>\n","protected":false},"excerpt":{"rendered":"","protected":false},"author":1,"featured_media":0,"parent":0,"menu_order":0,"comment_status":"closed","ping_status":"closed","template":"100-width.php","meta":{"footnotes":""},"class_list":["post-3588","page","type-page","status-publish","hentry"],"yoast_head":"<!-- This site is optimized with the Yoast SEO plugin v26.8 - https:\/\/yoast.com\/product\/yoast-seo-wordpress\/ -->\n<title>OWU &#8211; ReRec GmbH<\/title>\n<meta name=\"robots\" content=\"index, follow, max-snippet:-1, max-image-preview:large, max-video-preview:-1\" \/>\n<link rel=\"canonical\" href=\"https:\/\/rerec.eu\/pl\/toc\/\" \/>\n<meta property=\"og:locale\" content=\"pl_PL\" \/>\n<meta property=\"og:type\" content=\"article\" \/>\n<meta property=\"og:title\" content=\"OWU &#8211; ReRec GmbH\" \/>\n<meta property=\"og:url\" content=\"https:\/\/rerec.eu\/pl\/toc\/\" \/>\n<meta property=\"og:site_name\" content=\"ReRec GmbH\" \/>\n<meta property=\"article:publisher\" content=\"https:\/\/www.facebook.com\/profile.php?id=100063562990196#\" \/>\n<meta property=\"article:modified_time\" content=\"2025-07-26T10:51:27+00:00\" \/>\n<meta property=\"og:image\" content=\"https:\/\/rerec.eu\/wp-content\/uploads\/2025\/01\/rerec-leiterplatten-ankauf.jpg\" \/>\n\t<meta property=\"og:image:width\" content=\"1920\" \/>\n\t<meta property=\"og:image:height\" content=\"1080\" \/>\n\t<meta property=\"og:image:type\" content=\"image\/jpeg\" \/>\n<meta name=\"twitter:card\" content=\"summary_large_image\" \/>\n<meta name=\"twitter:label1\" content=\"Szacowany czas czytania\" \/>\n\t<meta name=\"twitter:data1\" content=\"6 minut\" \/>\n<script type=\"application\/ld+json\" class=\"yoast-schema-graph\">{\"@context\":\"https:\/\/schema.org\",\"@graph\":[{\"@type\":\"WebPage\",\"@id\":\"https:\/\/rerec.eu\/pl\/toc\/\",\"url\":\"https:\/\/rerec.eu\/pl\/toc\/\",\"name\":\"OWU &#8211; ReRec GmbH\",\"isPartOf\":{\"@id\":\"https:\/\/rerec.eu\/pl\/#website\"},\"datePublished\":\"2024-12-16T21:29:47+00:00\",\"dateModified\":\"2025-07-26T10:51:27+00:00\",\"breadcrumb\":{\"@id\":\"https:\/\/rerec.eu\/pl\/toc\/#breadcrumb\"},\"inLanguage\":\"pl-PL\",\"potentialAction\":[{\"@type\":\"ReadAction\",\"target\":[\"https:\/\/rerec.eu\/pl\/toc\/\"]}]},{\"@type\":\"BreadcrumbList\",\"@id\":\"https:\/\/rerec.eu\/pl\/toc\/#breadcrumb\",\"itemListElement\":[{\"@type\":\"ListItem\",\"position\":1,\"name\":\"Home\",\"item\":\"https:\/\/rerec.eu\/pl\/\"},{\"@type\":\"ListItem\",\"position\":2,\"name\":\"OWU\"}]},{\"@type\":\"WebSite\",\"@id\":\"https:\/\/rerec.eu\/pl\/#website\",\"url\":\"https:\/\/rerec.eu\/pl\/\",\"name\":\"ReRec GmbH\",\"description\":\"Wir kaufen Elektronikschrott, Sonderlegierungen und Edelmetalle aller Art.\",\"publisher\":{\"@id\":\"https:\/\/rerec.eu\/pl\/#organization\"},\"alternateName\":\"ReRec Recycling\",\"potentialAction\":[{\"@type\":\"SearchAction\",\"target\":{\"@type\":\"EntryPoint\",\"urlTemplate\":\"https:\/\/rerec.eu\/pl\/?s={search_term_string}\"},\"query-input\":{\"@type\":\"PropertyValueSpecification\",\"valueRequired\":true,\"valueName\":\"search_term_string\"}}],\"inLanguage\":\"pl-PL\"},{\"@type\":\"Organization\",\"@id\":\"https:\/\/rerec.eu\/pl\/#organization\",\"name\":\"ReRec GmbH\",\"alternateName\":\"ReRec Recycling\",\"url\":\"https:\/\/rerec.eu\/pl\/\",\"logo\":{\"@type\":\"ImageObject\",\"inLanguage\":\"pl-PL\",\"@id\":\"https:\/\/rerec.eu\/pl\/#\/schema\/logo\/image\/\",\"url\":\"https:\/\/rerec.eu\/wp-content\/uploads\/2024\/12\/rerec-gmbh-recycling.svg\",\"contentUrl\":\"https:\/\/rerec.eu\/wp-content\/uploads\/2024\/12\/rerec-gmbh-recycling.svg\",\"width\":165,\"height\":50,\"caption\":\"ReRec GmbH\"},\"image\":{\"@id\":\"https:\/\/rerec.eu\/pl\/#\/schema\/logo\/image\/\"},\"sameAs\":[\"https:\/\/www.facebook.com\/profile.php?id=100063562990196#\"]}]}<\/script>\n<!-- \/ Yoast SEO plugin. -->","yoast_head_json":{"title":"OWU &#8211; ReRec GmbH","robots":{"index":"index","follow":"follow","max-snippet":"max-snippet:-1","max-image-preview":"max-image-preview:large","max-video-preview":"max-video-preview:-1"},"canonical":"https:\/\/rerec.eu\/pl\/toc\/","og_locale":"pl_PL","og_type":"article","og_title":"OWU &#8211; ReRec GmbH","og_url":"https:\/\/rerec.eu\/pl\/toc\/","og_site_name":"ReRec GmbH","article_publisher":"https:\/\/www.facebook.com\/profile.php?id=100063562990196#","article_modified_time":"2025-07-26T10:51:27+00:00","og_image":[{"width":1920,"height":1080,"url":"https:\/\/rerec.eu\/wp-content\/uploads\/2025\/01\/rerec-leiterplatten-ankauf.jpg","type":"image\/jpeg"}],"twitter_card":"summary_large_image","twitter_misc":{"Szacowany czas czytania":"6 minut"},"schema":{"@context":"https:\/\/schema.org","@graph":[{"@type":"WebPage","@id":"https:\/\/rerec.eu\/pl\/toc\/","url":"https:\/\/rerec.eu\/pl\/toc\/","name":"OWU &#8211; ReRec GmbH","isPartOf":{"@id":"https:\/\/rerec.eu\/pl\/#website"},"datePublished":"2024-12-16T21:29:47+00:00","dateModified":"2025-07-26T10:51:27+00:00","breadcrumb":{"@id":"https:\/\/rerec.eu\/pl\/toc\/#breadcrumb"},"inLanguage":"pl-PL","potentialAction":[{"@type":"ReadAction","target":["https:\/\/rerec.eu\/pl\/toc\/"]}]},{"@type":"BreadcrumbList","@id":"https:\/\/rerec.eu\/pl\/toc\/#breadcrumb","itemListElement":[{"@type":"ListItem","position":1,"name":"Home","item":"https:\/\/rerec.eu\/pl\/"},{"@type":"ListItem","position":2,"name":"OWU"}]},{"@type":"WebSite","@id":"https:\/\/rerec.eu\/pl\/#website","url":"https:\/\/rerec.eu\/pl\/","name":"ReRec GmbH","description":"Wir kaufen Elektronikschrott, Sonderlegierungen und Edelmetalle aller Art.","publisher":{"@id":"https:\/\/rerec.eu\/pl\/#organization"},"alternateName":"ReRec Recycling","potentialAction":[{"@type":"SearchAction","target":{"@type":"EntryPoint","urlTemplate":"https:\/\/rerec.eu\/pl\/?s={search_term_string}"},"query-input":{"@type":"PropertyValueSpecification","valueRequired":true,"valueName":"search_term_string"}}],"inLanguage":"pl-PL"},{"@type":"Organization","@id":"https:\/\/rerec.eu\/pl\/#organization","name":"ReRec GmbH","alternateName":"ReRec Recycling","url":"https:\/\/rerec.eu\/pl\/","logo":{"@type":"ImageObject","inLanguage":"pl-PL","@id":"https:\/\/rerec.eu\/pl\/#\/schema\/logo\/image\/","url":"https:\/\/rerec.eu\/wp-content\/uploads\/2024\/12\/rerec-gmbh-recycling.svg","contentUrl":"https:\/\/rerec.eu\/wp-content\/uploads\/2024\/12\/rerec-gmbh-recycling.svg","width":165,"height":50,"caption":"ReRec GmbH"},"image":{"@id":"https:\/\/rerec.eu\/pl\/#\/schema\/logo\/image\/"},"sameAs":["https:\/\/www.facebook.com\/profile.php?id=100063562990196#"]}]}},"_links":{"self":[{"href":"https:\/\/rerec.eu\/pl\/wp-json\/wp\/v2\/pages\/3588","targetHints":{"allow":["GET"]}}],"collection":[{"href":"https:\/\/rerec.eu\/pl\/wp-json\/wp\/v2\/pages"}],"about":[{"href":"https:\/\/rerec.eu\/pl\/wp-json\/wp\/v2\/types\/page"}],"author":[{"embeddable":true,"href":"https:\/\/rerec.eu\/pl\/wp-json\/wp\/v2\/users\/1"}],"replies":[{"embeddable":true,"href":"https:\/\/rerec.eu\/pl\/wp-json\/wp\/v2\/comments?post=3588"}],"version-history":[{"count":12,"href":"https:\/\/rerec.eu\/pl\/wp-json\/wp\/v2\/pages\/3588\/revisions"}],"predecessor-version":[{"id":11378,"href":"https:\/\/rerec.eu\/pl\/wp-json\/wp\/v2\/pages\/3588\/revisions\/11378"}],"wp:attachment":[{"href":"https:\/\/rerec.eu\/pl\/wp-json\/wp\/v2\/media?parent=3588"}],"curies":[{"name":"wp","href":"https:\/\/api.w.org\/{rel}","templated":true}]}}